{"id":2,"date":"2011-10-10T10:19:15","date_gmt":"2011-10-10T10:19:15","guid":{"rendered":"http:\/\/ledpasky.net\/?page_id=2"},"modified":"2020-03-17T15:07:57","modified_gmt":"2020-03-17T15:07:57","slug":"zkusebni-stranka","status":"publish","type":"page","link":"https:\/\/www.ledpasky.net\/","title":{"rendered":"LED p\u00e1sky"},"content":{"rendered":"<p>Snad ka\u017ed\u00fd u\u017e dnes zn\u00e1 nebo dokonce i vyu\u017e\u00edv\u00e1 <strong>LED diod<\/strong>, kter\u00e9 se staly jak\u00fdmsi fenom\u00e9nem v\u00a0oblasti modern\u00edho \u00fasporn\u00e9ho <strong>osv\u011btlen\u00ed<\/strong>. Po\u017e\u00edvaj\u00ed se jako n\u00e1hrada b\u011b\u017en\u00fdch \u017e\u00e1rovek, osv\u011btluj\u00ed se jimi no\u010dn\u00ed bary i obchodn\u00ed domy, jejich technologie se vyu\u017e\u00edv\u00e1 u cel\u00e9 \u0159ady v\u00fdrobk\u016f spot\u0159ebn\u00edho pr\u016fmyslu. Setk\u00e1me se s\u00a0mnoha druhy <strong><a title=\"LED \u017e\u00e1rovky\" href=\"http:\/\/www.zarovky-shop.cz\/zarovky\/eshop\/8-1-LED-zarovky\" target=\"_blank\" rel=\"noopener noreferrer\"><span style=\"text-decoration: underline;\">LED \u017e\u00e1rovek<\/span><\/a> i LED sv\u00edtidel<\/strong>. Ale sly\u0161eli jste tak\u00e9 o LED p\u00e1sku?<\/p>\n<p>&nbsp;<\/p>\n<h2><strong>Co je LED p\u00e1sek?<\/strong><\/h2>\n<h2><a href=\"http:\/\/ledpasky.net\/wp-content\/uploads\/templatemo_image_01b.jpg\"><img decoding=\"async\" loading=\"lazy\" class=\"alignleft size-full wp-image-12\" title=\"templatemo_image_01b\" src=\"http:\/\/ledpasky.net\/wp-content\/uploads\/templatemo_image_01b.jpg\" alt=\"LED p\u00e1sky\" width=\"120\" height=\"120\" \/><\/a><\/h2>\n<p><strong>LED p\u00e1sek<\/strong> slou\u017e\u00ed jako osv\u011btlen\u00ed. Obvykle se vyr\u00e1b\u00ed v\u00a0metr\u00e1\u017ei, vyzna\u010duje se vysokou pru\u017enost\u00ed a\u00a0samolepic\u00ed vrstvou, pomoc\u00ed n\u00ed\u017e lze za\u0159\u00edzen\u00ed snadno instalovat. Po jedn\u00e9 stran\u011b t\u011bchto ploch\u00fdch p\u00e1sk\u016f jsou pak p\u0159ipevn\u011bny jednotliv\u00e9 <strong>LED diody<\/strong> (\u010dasto v\u00a0SMD proveden\u00ed).<\/p>\n<p>Jedn\u00e1 se o perfektn\u00ed alternativu k b\u011b\u017en\u00e9mu osv\u011btlen\u00ed tvo\u0159en\u00e9mu klasick\u00fdmi \u010di \u00fasporn\u00fdmi \u017e\u00e1rovkami, ale i mo\u017enost, jak spojit \u00fachvatnou dekoraci s\u00a0\u00fasporou energie a \u0159adou praktick\u00fdch v\u00fdhod.<\/p>\n<p>Rovn\u011b\u017e je tento druh osv\u011btlen\u00ed velmi obl\u00edben\u00fd u obchodn\u00edk\u016f a podnikatel\u016f obecn\u011b. S\u00a0jeho pomoc\u00ed lze efektn\u011b nasv\u00edtit prod\u00e1van\u00e9 produkty, ale nap\u0159\u00edklad i zajistit permanentn\u00ed osv\u011btlen\u00ed s\u00a0dlouhou \u017eivotnost\u00ed a minim\u00e1ln\u00ed spot\u0159ebou.<\/p>\n<p>&nbsp;<\/p>\n<h2><strong>Pou\u017eit\u00ed LED p\u00e1sk\u016f<\/strong><\/h2>\n<p>Z\u00a0hlediska vyu\u017eit\u00ed jsou LED p\u00e1sky velice flexibiln\u00ed \u2013 u\u017e d\u00edky tomu, \u017ee jsou k\u00a0dost\u00e1n\u00ed v\u00a0mnoha rozm\u011brech. Se\u017eenete je v\u00a0nejr\u016fzn\u011bj\u0161\u00edch \u0161\u00ed\u0159k\u00e1ch, od rozs\u00e1hl\u00fdch p\u00e1s\u016f a\u017e po miniatury s\u00a0jednou \u010di dv\u011bma diodami. Z\u00a0metr\u00e1\u017ee pak obvykle lze po\u017eadovanou d\u00e9lku odst\u0159ihnout na mnoha p\u0159edem vyzna\u010den\u00fdch m\u00edstech, kter\u00e1 jsou k\u00a0tomu v\u00fdrobcem ur\u010den\u00e1. Nijak tedy nehroz\u00ed omezen\u00ed funk\u010dnosti p\u00e1sku.<\/p>\n<p>Na trhu najdete rovn\u011b\u017e vodot\u011bsn\u00e9 modely, kter\u00e9 mohou sv\u00edtit dlouhodob\u011b pono\u0159eny, ale hod\u00ed se kup\u0159\u00edkladu i jako velmi origin\u00e1ln\u00ed a z\u00e1rove\u0148 bezpe\u010dn\u00e9 osv\u011btlen\u00ed koupelen nebo kryt\u00fdch baz\u00e9n\u016f. \u010casto rovn\u011b\u017e lze LED osv\u011btlen\u00ed v\u00a0podob\u011b p\u00e1sku vyu\u017e\u00edt jako dekorativn\u00ed prvek, or\u00e1mov\u00e1n\u00ed reklamn\u00edch ploch \u010di nasv\u00edcen\u00ed v\u00fdloh a jednotliv\u00fdch produkt\u016f ve v\u00fdloze.<\/p>\n<p>\u00dachvatn\u00e9ho dojmu dos\u00e1hnete, pokud se rozhodnete pomoc\u00ed LED p\u00e1sku osv\u00edtit nap\u0159\u00edklad Va\u0161i kuchy\u0148skou linku. Krom\u011b neobvykl\u00e9ho a velmi estetick\u00e9ho vzhledu takov\u00e9 kuchyn\u011b V\u00e1m LED p\u00e1sek p\u0159inese i celou \u0159adu praktick\u00fdch v\u00fdhod. D\u00edky minim\u00e1ln\u00ed spot\u0159eb\u011b nap\u0159\u00edklad m\u016f\u017eete s\u00a0klidn\u00fdm srdcem nechat p\u00e1sek rozsv\u00edcen\u00fd po celou noc a u\u0161et\u0159it si tak nesn\u00e1ze spojen\u00e9 s\u00a0hled\u00e1n\u00edm l\u00e1hve vody zcela poslepu, p\u0159epadne-li V\u00e1s zrovna \u017e\u00edze\u0148. Stejn\u00fdm zp\u016fsobem lze vybavit nap\u0159\u00edklad i koupelnu nebo WC. Toto decentn\u00ed no\u010dn\u00ed osv\u011btlen\u00ed jist\u011b ocen\u00ed i ty z\u00a0Va\u0161ich d\u011bt\u00ed, kter\u00e9 se samy po tm\u011b boj\u00ed. Pro zv\u00fd\u0161en\u00ed bezpe\u010dnosti zejm\u00e9na star\u0161\u00edch osob a d\u011bt\u00ed v\u00a0rodinn\u00fdch domech se hod\u00ed tak\u00e9 osv\u011btlen\u00ed schod\u016f. Pomoc\u00ed LED p\u00e1sk\u016f lze vytvo\u0159it zaj\u00edmav\u00e9 dekorativn\u00ed osv\u011btlen\u00ed, doporu\u010dujeme kombinavat tak\u00e9 s komponenty <a title=\"UV osv\u011btlen\u00ed\" href=\"http:\/\/www.uvosvetleni.cz\/\">UV osv\u011btlen\u00ed<\/a>, kdy m\u016f\u017ee b\u00fdt v\u00fdsledn\u00fd efekt sv\u011btla velmi zaj\u00edmav\u00fd. Pro osv\u011btlen\u00ed koupelen a kuchyn\u00ed jsou vhodn\u00e9 zejm\u00e9na <a title=\"LED p\u00e1sky na 12V a 24V\" href=\"http:\/\/www.ledpasky.net\/?p=166\">LED p\u00e1sky na 12V a 24V<\/a>\u00a0 s bezpe\u010dn\u00fdm nap\u011bt\u00edm ve vodeodoln\u00e9m proveden\u00ed.<\/p>\n<p>K\u00a0dost\u00e1n\u00ed jsou i <a title=\"LED p\u00e1sky\" href=\"http:\/\/www.disco-shop.cz\/disco\/eshop\/3-1-dekoracni-osvetleni\/95-2-LED-pasky\" target=\"_blank\" rel=\"noopener noreferrer\">LED p\u00e1sky<\/a> nejr\u016fzn\u011bj\u0161\u00edch kr\u00e1sn\u00fdch barev, v\u0161e tedy m\u016f\u017eete dokonale sladit s\u00a0okoln\u00edm interi\u00e9rem.<\/p>\n<p><a href=\"http:\/\/ledpasky.net\/wp-content\/uploads\/instalace2.jpg\"><img decoding=\"async\" loading=\"lazy\" class=\"size-full wp-image-11 aligncenter\" title=\"instalace2\" src=\"http:\/\/ledpasky.net\/wp-content\/uploads\/instalace2.jpg\" alt=\"LED p\u00e1sky pou\u017eit\u00ed\" width=\"713\" height=\"130\" srcset=\"https:\/\/ledpasky.net\/wp-content\/uploads\/instalace2.jpg 997w, https:\/\/ledpasky.net\/wp-content\/uploads\/instalace2-300x54.jpg 300w\" sizes=\"(max-width: 713px) 100vw, 713px\" \/><\/a><\/p>\n<p>&nbsp;<\/p>\n<h2><strong>V\u00fdhody LED p\u00e1sk\u016f<\/strong><\/h2>\n<p>Jednozna\u010dnou p\u0159ednost\u00ed <strong>LED p\u00e1sk\u016f<\/strong> je jednak flexibilita jejich vyu\u017eit\u00ed, jednak i \u00faspornost samotn\u00fdch LED diod, jimi\u017e je p\u00e1sek osazen. Jist\u00fd komfort p\u0159in\u00e1\u0161\u00ed rovn\u011b\u017e modely opat\u0159en\u00e9 <strong>samolepic\u00ed vrstvou<\/strong>; i jin\u00e9 typy se v\u0161ak vyzna\u010duj\u00ed snadnou instalac\u00ed. Na dostate\u010dn\u011b o\u010di\u0161t\u011bn\u00fd a odma\u0161t\u011bn\u00fd povrch je m\u016f\u017eete upevnit nap\u0159\u00edklad za pomoci chemoprenu \u010di silikonu.<\/p>\n<p>Mnoho provozovatel\u016f nejr\u016fzn\u011bj\u0161\u00edch komer\u010dn\u00edch prostor \u010di reklamn\u00edch ploch rovn\u011b\u017e ocen\u00ed mo\u017enost odst\u0159ihnut\u00ed po\u017eadovan\u00e9 d\u00e9lky. P\u0159ed\u011bly ke st\u0159ih\u00e1n\u00ed jsou na p\u00e1sc\u00edch \u010dasto um\u00edst\u011bny i ve vzd\u00e1lenosti pouh\u00fdch n\u011bkolika centimetr\u016f; rozm\u011br je tak mo\u017en\u00e9 zvolit skute\u010dn\u011b velmi p\u0159esn\u011b. Souvis\u00ed s\u00a0t\u00edm ale i mo\u017enost odd\u011blit neobvykle mal\u00e9 \u010d\u00e1sti p\u00e1sk\u016f. To ocen\u00ed zejm\u00e9na prodejci drobn\u011bj\u0161\u00edho zbo\u017e\u00ed, kte\u0159\u00ed pot\u0159ebuj\u00ed nasv\u00edtit sv\u00e9 produkty um\u00edst\u011bn\u00e9 ve v\u00fdloh\u00e1ch.<\/p>\n<p><a href=\"http:\/\/ledpasky.net\/wp-content\/uploads\/Bez-n%C3%A1zvu.jpg\"><img decoding=\"async\" loading=\"lazy\" class=\"size-full wp-image-14 aligncenter\" title=\"Bez n\u00e1zvu\" src=\"http:\/\/ledpasky.net\/wp-content\/uploads\/Bez-n%C3%A1zvu.jpg\" alt=\"samolep\u00edc\u00ed LED p\u00e1ska\" width=\"364\" height=\"205\" \/><\/a><\/p>\n<h2><strong>Vlastnosti LED osv\u011btlen\u00ed<\/strong><\/h2>\n<p><strong>LED diody<\/strong> jako takov\u00e9 jsou zn\u00e1m\u00e9 zejm\u00e9na pro svou <strong>\u00faspornost<\/strong>, pom\u011brn\u011b n\u00edzk\u00e9 po\u0159izovac\u00ed n\u00e1klady a <strong>fenomen\u00e1ln\u00ed \u017eivotnost<\/strong> (uv\u00e1d\u00ed se a\u017e 50\u00a0000 hodin, co\u017e mnohon\u00e1sobn\u011b p\u0159esahuje \u017eivotnost klasick\u00fdch, ale i \u00fasporn\u00fdch \u017e\u00e1rovek). D\u00edky tomu m\u00e1te mo\u017enost u\u0161et\u0159it nejen finan\u010dn\u00ed n\u00e1klady, ale i sv\u016fj \u010das a starosti spojen\u00e9 s\u00a0vym\u011b\u0148ov\u00e1n\u00edm star\u00fdch \u017e\u00e1rovek, kter\u00e9 u\u017e doslou\u017eily. Sv\u011bteln\u00e1 za\u0159\u00edzen\u00ed vyu\u017e\u00edvaj\u00edc\u00ed LED diod rovn\u011b\u017e nevy\u017eaduj\u00ed v\u00a0podstat\u011b <strong>\u017e\u00e1dnou \u00fadr\u017ebu<\/strong>. Zejm\u00e9na pro u\u017eivatele, kte\u0159\u00ed pot\u0159ebuj\u00ed m\u00edt <strong>osv\u011btlen\u00ed prakticky nep\u0159etr\u017eit\u011b zapnut\u00e9<\/strong> a funk\u010dn\u00ed je technologie LED diod tou nejv\u00fdhodn\u011bj\u0161\u00ed volbou. Z\u00a0tohoto d\u016fvodu lze <a title=\"LED p\u00e1sky\" href=\"http:\/\/www.zarovky-shop.cz\/zarovky\/eshop\/17-1-LED-pasky\" target=\"_blank\" rel=\"noopener noreferrer\">LED p\u00e1sky<\/a> v\u00fdborn\u011b uplatnit nap\u0159\u00edklad i jako v\u00e1no\u010dn\u00ed dekoraci \u010di zv\u00fdrazn\u011bn\u00ed a\u00a0or\u00e1mov\u00e1n\u00ed ur\u010dit\u00fdch ploch.<\/p>\n<p>&nbsp;<\/p>\n<h2><strong>\u0160irok\u00fd v\u00fdb\u011br LED p\u00e1sk\u016f<\/strong><\/h2>\n<p>Dne\u0161n\u00ed trh V\u00e1m stejn\u011b jako u v\u011bt\u0161iny zbo\u017e\u00ed nab\u00edz\u00ed velmi \u0161irok\u00fd v\u00fdb\u011br nejr\u016fzn\u011bj\u0161\u00edch variant LED p\u00e1sk\u016f. V\u00fdrobci pro V\u00e1s p\u0159ipravili celou \u0159adu p\u00e1sk\u016f s\u00a0r\u016fznou intenzitou sv\u00edcen\u00ed, ale i velikost\u00ed jednotliv\u00fdch diod, od miniaturn\u00edch bod\u016f a\u017e po v\u011bt\u0161\u00ed diody dosahuj\u00edc\u00ed nap\u0159\u00edklad velikosti drobn\u011bj\u0161\u00edch \u017e\u00e1rovek.<\/p>\n<p>Intenzita sv\u00edcen\u00ed je pak ur\u010dena po\u010dtem LED diod na p\u00e1sku a vzd\u00e1lenost\u00ed mezi nimi.<\/p>\n<p>D\u00e1le si m\u016f\u017eete zvolit barvu diod. Chcete-li\u00a0 LED p\u00e1sk\u016f vyu\u017e\u00edt v\u00a0dom\u00e1c\u00edm prost\u0159ed\u00ed nap\u0159\u00edklad pro no\u010dn\u00ed osv\u011btlen\u00ed \u010di dekoraci, m\u00e1te mo\u017enost vyb\u00edrat z\u00a0cel\u00e9 \u0159ady kr\u00e1sn\u00fdch barevn\u00fdch odst\u00edn\u016f tak, aby bylo v\u0161e slad\u011bn\u00e9 s\u00a0ostatn\u00edmi prvky Va\u0161eho interi\u00e9ru. Pokud <strong>LED p\u00e1skem<\/strong> naopak nahrazujete n\u011bkter\u00e9 z\u00a0klasick\u00fdch sv\u00edtidel nebo jej chcete zkr\u00e1tka vyu\u017e\u00edvat k\u00a0pr\u00e1ci, b\u00fdv\u00e1 vhodn\u011bj\u0161\u00ed zvolit p\u00e1sek osazen\u00fd diodami \u201eklasick\u00fdch\u201c barev \u2013 tedy nap\u0159\u00edklad b\u00edl\u00e9 p\u00e1sky, kter\u00e9 V\u00e1m a Va\u0161im o\u010d\u00edm zajist\u00ed to nejp\u0159irozen\u011bj\u0161\u00ed sv\u011btlo. V\u011bt\u0161ina LED p\u00e1sk\u016f se vyr\u00e1b\u00ed pro 12V nebo 24V. Jsou v\u0161ak tak\u00e9 <a href=\"http:\/\/www.ledpasky.net\/?p=154\">LED p\u00e1sky na 220V<\/a> kter\u00e9 nepot\u0159ebuj\u00ed <a href=\"http:\/\/www.ledpasky.net\/?p=149\">transform\u00e1tor<\/a>.<\/p>\n<p style=\"text-align: center;\"><a href=\"http:\/\/ledpasky.net\/wp-content\/uploads\/A9004005.jpg\"><img decoding=\"async\" loading=\"lazy\" class=\"size-thumbnail wp-image-16 alignnone\" title=\"A9004005\" src=\"http:\/\/ledpasky.net\/wp-content\/uploads\/A9004005-150x150.jpg\" alt=\"LED p\u00e1sky\" width=\"150\" height=\"150\" \/><\/a><a href=\"http:\/\/ledpasky.net\/wp-content\/uploads\/A9004010_01.jpg\"><img decoding=\"async\" loading=\"lazy\" class=\"alignnone size-thumbnail wp-image-17\" title=\"A9004010_01\" src=\"http:\/\/ledpasky.net\/wp-content\/uploads\/A9004010_01-150x150.jpg\" alt=\"LED p\u00e1sky\" width=\"150\" height=\"150\" \/><\/a><a href=\"http:\/\/ledpasky.net\/wp-content\/uploads\/A9004010_02.jpg\"><img decoding=\"async\" loading=\"lazy\" class=\"alignnone size-thumbnail wp-image-18\" title=\"A9004010_02\" src=\"http:\/\/ledpasky.net\/wp-content\/uploads\/A9004010_02-150x150.jpg\" alt=\"LED p\u00e1sky\" width=\"150\" height=\"150\" \/><\/a><a href=\"http:\/\/ledpasky.net\/wp-content\/uploads\/A9004025_02.jpg\"><img decoding=\"async\" loading=\"lazy\" class=\"alignnone size-thumbnail wp-image-19\" title=\"A9004025_02\" src=\"http:\/\/ledpasky.net\/wp-content\/uploads\/A9004025_02-150x150.jpg\" alt=\"LED p\u00e1sky\" width=\"150\" height=\"150\" \/><\/a><\/p>\n<p>&nbsp;<\/p>\n<h2><strong>Zdroje, sp\u00edna\u010de a dal\u0161\u00ed p\u0159\u00edslu\u0161enstv\u00ed LED p\u00e1sk\u016f<\/strong><\/h2>\n<p>K\u00a0provozu LED p\u00e1sku, kter\u00fd si zakoup\u00edte, budete pot\u0159ebovat je\u0161t\u011b dv\u011b dal\u0161\u00ed za\u0159\u00edzen\u00ed \u2013 nap\u00e1jec\u00ed zdroj &#8211; <a title=\"transform\u00e1tor pro LED p\u00e1sky\" href=\"http:\/\/www.elektromaterial-shop.cz\/elektroinstalace\/eshop\/6-1-TRANSFORMATORY\/2-2-Transformatory-LED\" target=\"_blank\" rel=\"noopener noreferrer\">transform\u00e1tor<\/a> a sp\u00edna\u010d, kter\u00fd V\u00e1m umo\u017en\u00ed Va\u0161e nov\u00e9 osv\u011btlen\u00ed rychle a pohodln\u011b zap\u00ednat a vyp\u00ednat.<\/p>\n<p>Optim\u00e1ln\u00ed nap\u00e1jec\u00ed zdroje, kter\u00e9 z\u00a0jedn\u00e9 strany p\u0159ipoj\u00edte k\u00a0LED p\u00e1sku a z\u00a0druh\u00e9 k\u00a0z\u00e1suvce, neb\u00fdvaj\u00ed nijak n\u00e1kladn\u00e9 a dostanete je v\u011bt\u0161inou u stejn\u00e9ho prodejce, prost\u0159ednictv\u00edm kter\u00e9ho jste si zakoupili LED p\u00e1sek.<\/p>\n<p>Podobn\u011b je tomu u sp\u00edna\u010d\u016f. Nav\u00edc si m\u016f\u017eete zvolit, je-li pro V\u00e1s vhodn\u011bj\u0161\u00ed sp\u00edna\u010d dotykov\u00fd \u010di tla\u010d\u00edtkov\u00fd.<\/p>\n<p>&nbsp;<\/p>\n<h2><strong>Kde LED p\u00e1sky a p\u0159\u00edslu\u0161enstv\u00ed koupit<\/strong><\/h2>\n<p>LED p\u00e1sky jsou k dost\u00e1n\u00ed ve specializovan\u00fdch prodejn\u00e1ch elaktra a osv\u011btlen\u00ed. Doporu\u010dujeme jako ov\u011b\u0159en\u00e9ho prodejce s vysokou odbornost\u00ed\u00a0 e-shop na zvukovou a sv\u011btelnou techniku <a href=\"https:\/\/www.disco-shop.cz\/disco\/eshop\/3-1-dekoracni-osvetleni\/95-2-LED-pasky\" target=\"_blank\" rel=\"noopener noreferrer\">DISCO-SHOP.CZ<\/a>, kde zakoup\u00edte LED p\u00e1sky skladem z pohodl\u00ed domova. Specializovan\u00fdm obchodem na sv\u011bteln\u00e9 zdroje a LED p\u00e1sky je e-shop <a title=\"ZAROVKY-SHOP.CZ\" href=\"http:\/\/www.zarovky-shop.cz\/zarovky\/eshop\/17-1-LED-pasky\" target=\"_blank\" rel=\"noopener noreferrer\">ZAROVKY-SHOP.CZ<\/a>. Nap\u00e1jec\u00ed transform\u00e1tory, kabely a dal\u0161\u00ed elektro p\u0159\u00edslu\u0161enstv\u00ed najdete na <a title=\"ElektoMaterial-shop.cz\" href=\"http:\/\/www.elektromaterial-shop.cz\/\" target=\"_blank\" rel=\"noopener noreferrer\">ElektoMaterial-shop.cz<\/a><\/p>\n","protected":false},"excerpt":{"rendered":"<p>Snad ka\u017ed\u00fd u\u017e dnes zn\u00e1 nebo dokonce i vyu\u017e\u00edv\u00e1 LED diod, kter\u00e9 se staly jak\u00fdmsi fenom\u00e9nem v\u00a0oblasti modern\u00edho \u00fasporn\u00e9ho osv\u011btlen\u00ed. Po\u017e\u00edvaj\u00ed se jako n\u00e1hrada b\u011b\u017en\u00fdch \u017e\u00e1rovek, osv\u011btluj\u00ed se jimi no\u010dn\u00ed bary i obchodn\u00ed domy, jejich technologie se vyu\u017e\u00edv\u00e1 u cel\u00e9 \u0159ady v\u00fdrobk\u016f spot\u0159ebn\u00edho pr\u016fmyslu. Setk\u00e1me se s\u00a0mnoha druhy LED \u017e\u00e1rovek i LED sv\u00edtidel. Ale sly\u0161eli [&hellip;]<\/p>\n","protected":false},"author":1,"featured_media":0,"parent":0,"menu_order":0,"comment_status":"open","ping_status":"open","template":"","meta":[],"aioseo_notices":[],"_links":{"self":[{"href":"https:\/\/www.ledpasky.net\/index.php?rest_route=\/wp\/v2\/pages\/2"}],"collection":[{"href":"https:\/\/www.ledpasky.net\/index.php?rest_route=\/wp\/v2\/pages"}],"about":[{"href":"https:\/\/www.ledpasky.net\/index.php?rest_route=\/wp\/v2\/types\/page"}],"author":[{"embeddable":true,"href":"https:\/\/www.ledpasky.net\/index.php?rest_route=\/wp\/v2\/users\/1"}],"replies":[{"embeddable":true,"href":"https:\/\/www.ledpasky.net\/index.php?rest_route=%2Fwp%2Fv2%2Fcomments&post=2"}],"version-history":[{"count":21,"href":"https:\/\/www.ledpasky.net\/index.php?rest_route=\/wp\/v2\/pages\/2\/revisions"}],"predecessor-version":[{"id":176,"href":"https:\/\/www.ledpasky.net\/index.php?rest_route=\/wp\/v2\/pages\/2\/revisions\/176"}],"wp:attachment":[{"href":"https:\/\/www.ledpasky.net\/index.php?rest_route=%2Fwp%2Fv2%2Fmedia&parent=2"}],"curies":[{"name":"wp","href":"https:\/\/api.w.org\/{rel}","templated":true}]}}